{"id":21,"date":"2016-05-18T09:20:20","date_gmt":"2016-05-18T09:20:20","guid":{"rendered":"http:\/\/xml-io.proteusthemes.com\/shaka\/?page_id=21"},"modified":"2021-09-08T08:33:23","modified_gmt":"2021-09-08T06:33:23","slug":"about-us","status":"publish","type":"page","link":"https:\/\/www.ozeanien-dialog.de\/?page_id=21","title":{"rendered":"\u00dcber uns"},"content":{"rendered":"<div id=\"pl-21\"  class=\"panel-layout\" ><div id=\"pg-21-0\"  class=\"panel-grid panel-no-style\" ><div id=\"pgc-21-0-0\"  class=\"panel-grid-cell\" ><div id=\"panel-21-0-0-0\" class=\"so-panel widget widget_sow-editor panel-first-child panel-last-child\" data-index=\"0\" ><div\n\t\t\t\n\t\t\tclass=\"so-widget-sow-editor so-widget-sow-editor-base\"\n\t\t\t\n\t\t>\n<div class=\"siteorigin-widget-tinymce textwidget\">\n\t<p>Der Ozeanien-Dialog ist ein Zusammenschluss der Evangelischen Mission Weltweit (EMW), \u00a0Brot f\u00fcr die Welt, Misereor, dem Zentrum f\u00fcr Mission und \u00d6kumene \u2013 Nordkirche weltweit, Missio M\u00fcnchen, dem Missionswerk Leipzig, Mission EineWelt und dem Pazifik Netzwerk.<br \/>\nZiel ist die St\u00e4rkung gesellschaftspolitischer und \u00f6kologischer Stimmen aus dem Pazifik in Deutschland und Europa.<\/p>\n<p><a href=\"https:\/\/www.brot-fuer-die-welt.de\/\"><img decoding=\"async\" loading=\"lazy\" class=\"alignnone wp-image-1664\" src=\"https:\/\/www.ozeanien-dialog.de\/wp-content\/uploads\/2016\/05\/BfdW_Marke_RGB_01-300x200.jpg\" alt=\"\" width=\"150\" height=\"100\" srcset=\"https:\/\/www.ozeanien-dialog.de\/wp-content\/uploads\/2016\/05\/BfdW_Marke_RGB_01.jpg 300w, https:\/\/www.ozeanien-dialog.de\/wp-content\/uploads\/2016\/05\/BfdW_Marke_RGB_01-272x182.jpg 272w\" sizes=\"(max-width: 150px) 100vw, 150px\" \/><\/a>\u00a0<img decoding=\"async\" loading=\"lazy\" class=\"alignnone  wp-image-3842\" src=\"https:\/\/www.ozeanien-dialog.de\/wp-content\/uploads\/2021\/09\/EMW-logo.jpg\" alt=\"\" width=\"87\" height=\"94\" \/>\u00a0<a href=\"https:\/\/www.misereor.de\/\"><img decoding=\"async\" loading=\"lazy\" class=\"alignnone wp-image-1666\" src=\"https:\/\/www.ozeanien-dialog.de\/wp-content\/uploads\/2016\/05\/Misereor-1-300x200.jpg\" alt=\"\" width=\"150\" height=\"100\" srcset=\"https:\/\/www.ozeanien-dialog.de\/wp-content\/uploads\/2016\/05\/Misereor-1.jpg 300w, https:\/\/www.ozeanien-dialog.de\/wp-content\/uploads\/2016\/05\/Misereor-1-272x182.jpg 272w\" sizes=\"(max-width: 150px) 100vw, 150px\" \/><\/a>\u00a0\u00a0\u00a0\u00a0<a href=\"http:\/\/www.pazifik-infostelle.org\/pazifik_netzwerk\/index.html\"><img decoding=\"async\" loading=\"lazy\" class=\"alignnone wp-image-1668\" src=\"https:\/\/www.ozeanien-dialog.de\/wp-content\/uploads\/2016\/05\/PN-1-300x200.jpg\" alt=\"\" width=\"120\" height=\"80\" srcset=\"https:\/\/www.ozeanien-dialog.de\/wp-content\/uploads\/2016\/05\/PN-1.jpg 300w, https:\/\/www.ozeanien-dialog.de\/wp-content\/uploads\/2016\/05\/PN-1-272x182.jpg 272w\" sizes=\"(max-width: 120px) 100vw, 120px\" \/><\/a>\u00a0<a href=\"https:\/\/www.lmw-mission.de\/index.html\">\u00a0<\/a><a href=\"https:\/\/www.nordkirche-weltweit.de\/\"><img decoding=\"async\" loading=\"lazy\" class=\"alignnone wp-image-1675\" src=\"https:\/\/www.ozeanien-dialog.de\/wp-content\/uploads\/2016\/05\/logo.png\" alt=\"\" width=\"130\" height=\"59\" \/><\/a><a href=\"https:\/\/www.lmw-mission.de\/index.html\"><img decoding=\"async\" loading=\"lazy\" class=\"alignnone wp-image-1670\" src=\"https:\/\/www.ozeanien-dialog.de\/wp-content\/uploads\/2016\/05\/Leipzig-1.jpg\" alt=\"\" width=\"100\" height=\"110\" \/>\u00a0\u00a0<\/a><a href=\"https:\/\/www.missio.com\/\"><img decoding=\"async\" loading=\"lazy\" class=\"alignnone wp-image-1959\" src=\"https:\/\/www.ozeanien-dialog.de\/wp-content\/uploads\/2018\/03\/logo_weiss_auf_rot-1024x333.jpg\" alt=\"\" width=\"130\" height=\"42\" srcset=\"https:\/\/www.ozeanien-dialog.de\/wp-content\/uploads\/2018\/03\/logo_weiss_auf_rot-1024x333.jpg 1024w, https:\/\/www.ozeanien-dialog.de\/wp-content\/uploads\/2018\/03\/logo_weiss_auf_rot-300x98.jpg 300w, https:\/\/www.ozeanien-dialog.de\/wp-content\/uploads\/2018\/03\/logo_weiss_auf_rot-768x250.jpg 768w, https:\/\/www.ozeanien-dialog.de\/wp-content\/uploads\/2018\/03\/logo_weiss_auf_rot-540x176.jpg 540w\" sizes=\"(max-width: 130px) 100vw, 130px\" \/>\u00a0\u00a0<img decoding=\"async\" loading=\"lazy\" class=\"wp-image-3300 alignnone\" src=\"https:\/\/www.ozeanien-dialog.de\/wp-content\/uploads\/2016\/05\/Download-300x111.png\" alt=\"\" width=\"182\" height=\"67\" srcset=\"https:\/\/www.ozeanien-dialog.de\/wp-content\/uploads\/2016\/05\/Download-300x111.png 300w, https:\/\/www.ozeanien-dialog.de\/wp-content\/uploads\/2016\/05\/Download.png 369w\" sizes=\"(max-width: 182px) 100vw, 182px\" \/><\/a><\/p>\n<p>Im Gegensatz zu ihrem friedlichen Image erlebt die Pazifische Inselregion zunehmend soziale, ethnische und politische Spannungen. Viele der Konflikte werden durch global organisierte, r\u00fccksichtslose Ausbeutung nat\u00fcrlicher Ressourcen und daraus resultierende Streitigkeiten bef\u00f6rdert, wenn nicht erst verursacht. Den Auswirkungen und den zugrunde liegenden, hochkomplexen globalen Beschaffungs- und Lieferketten,\u00a0 stehen die Lebenswirklichkeiten der Menschen sowie Sorgen und der Protest lokaler Gemeinschaften, Nichtregierungsorganisationen und Kirchen im Pazifik gegen\u00fcber.<\/p>\n<p>Der <strong>Ozeanien-Dialog<\/strong> m\u00f6chte diesen zivilgesellschaftlichen Perspektiven und Stellungsnahmen in Deutschland und Europa ein st\u00e4rkeres Gewicht geben, um in globalen Zusammenh\u00e4ngen insbesondere im Ressourcenbereich nicht \u00fcberh\u00f6rt zu werden. Deutschland und die EU geh\u00f6ren zu den gr\u00f6\u00dften Rohstoffverbrauchern weltweit. Die Bedingungen, untern denen die Rohstoffe, die wir verbrauchen, gef\u00f6rdert werden, gehen uns also alle an \u2013 auch das Schicksal der Menschen, die vom Abbau betroffen sind.<\/p>\n<p>Thematische Schwerpunkte der Arbeit sind dabei Klimawandel und Klimagerechtigkeit sowie Tiefseebergbau, der weltweit, aber insbesondere in Ozeanien, rasch an Bedeutung gewinnt. Der weltweit steigende Ressourcenbedarf und die Verknappung von Rohstoffen f\u00fchren dazu, dass mehr und mehr Staaten und Unternehmen danach streben, auch schwer zug\u00e4ngliche Bodensch\u00e4tze zu bergen. Trotz der massiven Bedenken von Wissenschaft, Umweltexperten und Nichtregierungsorganisationen, die durch\u00a0 Tiefseebergbau einen gewaltigen und in seinen langfristigen Wirkungen noch nicht absch\u00e4tzbaren Eingriff in die \u00d6kosysteme der Meere und K\u00fcstengebiete bef\u00fcrchten, werden die Planungen und Erkundungen vehement vorangetrieben.<br \/>\nIn den Pazifischen Inselstaaten formiert sich eine Front von Fischern, K\u00fcstengemeinden, NROs und Kirchen, die Tiefseebergbau ablehnen, und die durch friedliche Proteste, Unterschriftensammlungen und Kampagnen versuchen die experimentellen Gro\u00dfprojekte zu verhindern \u2013 deren Stimmen sind aber oft nur lokal h\u00f6rbar.<\/p>\n<div class=\"BorlabsCookie\">\n<div class=\"_brlbs-content-blocker\">\n<div class=\"_brlbs-embed _brlbs-facebook\"> <img class=\"_brlbs-thumbnail\" src=\"https:\/\/www.ozeanien-dialog.de\/wp-content\/plugins\/borlabs-cookie\/images\/cb-facebook.png\" alt=\"Facebook\"> <\/p>\n<div class=\"_brlbs-caption\">\n<p>Mit dem Laden des Beitrags akzeptieren Sie die Datenschutzerkl\u00e4rung von Facebook.<br \/><a href=\"https:\/\/www.facebook.com\/privacy\/explanation\" target=\"_blank\" rel=\"nofollow noopener noreferrer\">Mehr erfahren<\/a><\/p>\n<p><a class=\"_brlbs-btn\" href=\"#\" data-borlabs-cookie-unblock role=\"button\">Beitrag laden<\/a><\/p>\n<p><label><input type=\"checkbox\" name=\"unblockAll\" value=\"1\" checked> <small>Facebook-Beitr\u00e4ge immer entsperren<\/small><\/label><\/p>\n<\/p><\/div>\n<\/p><\/div>\n<\/p><\/div>\n<div class=\"borlabs-hide\" data-borlabs-cookie-type=\"content-blocker\" data-borlabs-cookie-id=\"facebook\"><script type=\"text\/template\">PGRpdiBpZD0iZmItcm9vdCI+PC9kaXY+PHNjcmlwdCBhc3luYz0iMSIgZGVmZXI9IjEiIGNyb3Nzb3JpZ2luPSJhbm9ueW1vdXMiIHNyYz0iaHR0cHM6Ly9jb25uZWN0LmZhY2Vib29rLm5ldC9kZV9ERS9zZGsuanMjeGZibWw9MSZhbXA7dmVyc2lvbj12Ny4wIiBub25jZT0iaWtUSEQwV08iPjwvc2NyaXB0PjxkaXYgY2xhc3M9ImZiLXZpZGVvIiBkYXRhLWhyZWY9Imh0dHBzOi8vd3d3LmZhY2Vib29rLmNvbS8xNzU5Nzk3OTYwOTk5NjQwL3ZpZGVvcy8yMzUxNzY3ODQxNzYyNDk3LyIgZGF0YS13aWR0aD0iMTE0MCI+PGJsb2NrcXVvdGUgY2l0ZT0iaHR0cHM6Ly93d3cuZmFjZWJvb2suY29tLzE3NTk3OTc5NjA5OTk2NDAvdmlkZW9zLzIzNTE3Njc4NDE3NjI0OTcvIiBjbGFzcz0iZmIteGZibWwtcGFyc2UtaWdub3JlIj48YSBocmVmPSJodHRwczovL3d3dy5mYWNlYm9vay5jb20vMTc1OTc5Nzk2MDk5OTY0MC92aWRlb3MvMjM1MTc2Nzg0MTc2MjQ5Ny8iPlN0w6Rya3VuZyB6aXZpbGdlc2VsbHNjaGFmdGxpY2hlciB1bmQgZ2VzZWxsc2NoYWZ0c3BvbGl0aXNjaGVyIFN0aW1tZW4gYXVzIGRlbSBQYXppZmlrIGluIERldXRzY2hsYW5kIHVuZCBFdXJvcGE8L2E+PHA+UmVzc291cmNlbmdlcmVjaHRpZ2tlaXQgICBLbGltYWdlcmVjaHRpZ2tlaXQgICBNZW5zY2hlbnJlY2h0ZURlciBPemVhbmllbi1EaWFsb2cgaXN0IGVpbiBadXNhbW1lbnNjaGx1c3MgZGVzIEV2YW5nZWxpc2NoZW4gTWlzc2lvbnN3ZXJrIGluIERldXRzY2hsYW5kIChFTVcpLCAgQnJvdCBmw7xyIGRpZSBXZWx0LCBNaXNlcmVvciwgZGVtIFplbnRydW0gZsO8ciBNaXNzaW9uIHVuZCDDlmt1bWVuZSDigJMgTm9yZGtpcmNoZSB3ZWx0d2VpdCwgTWlzc2lvIE3DvG5jaGVuLCBkZW0gTWlzc2lvbnN3ZXJrIExlaXB6aWcgdW5kIGRlbSBQYXppZmlrIE5ldHp3ZXJrLlppZWwgaXN0IGRpZSBTdMOkcmt1bmcgZ2VzZWxsc2NoYWZ0c3BvbGl0aXNjaGVyIHVuZCDDtmtvbG9naXNjaGVyIFN0aW1tZW4gYXVzIGRlbSBQYXppZmlrIGluIERldXRzY2hsYW5kIHVuZCBFdXJvcGEuPC9wPkdlcG9zdGV0IHZvbiA8YSBocmVmPSJodHRwczovL3d3dy5mYWNlYm9vay5jb20vT3plYW5pZW4tRGlhbG9nLTE3NTk3OTc5NjA5OTk2NDAvIj5PemVhbmllbi1EaWFsb2c8L2E+IGFtIERpZW5zdGFnLCAxMS4gSnVuaSAyMDE5PC9ibG9ja3F1b3RlPjwvZGl2Pg==<\/script><\/div>\n<\/div>\n<p><strong>Ziel des Ozeanien-Dialogs ist es daher, den \u00f6kologischen und sozialen Bedenken der Menschen im Pazifik\u00a0 in Europa eine st\u00e4rkere Stimme zu geben und sie in Diskurse mit Politik, Wirtschaft und NROs einzubringen. <\/strong><\/p>\n<p>Aktivit\u00e4ten:<\/p>\n<ul>\n<li>Zusammenarbeit mit zivilgesellschaftlichen und kirchlichen Partnern in Ozeanien entlang von gesellschaftspolitischen und \u00f6kologischen Herausforderungen<\/li>\n<li>\u00d6ffentlichkeitsarbeit zu gesellschaftspolitischen und \u00f6kologischen Herausforderungen in Ozeanien<\/li>\n<li>Adressierung von Politik, Wirtschaft und Zivilgesellschaft in Deutschland, bei der Europ\u00e4ischen Union und den Vereinten Nationen<\/li>\n<li>\u00d6ffentliche Veranstaltungen und Fachgespr\u00e4che<\/li>\n<li>Unterst\u00fctzung unser pazifischen Partner bei internationaler Lobby- und Kampagnenarbeit<\/li>\n<li>Einbringen und St\u00e4rken von pazifischen Stimmen in internationale Netzwerke und soziale Bewegungen<\/li>\n<\/ul>\n<p><a href=\"https:\/\/www.ozeanien-dialog.de\/wp-content\/uploads\/2018\/12\/Flyer-Ozeanien-deutsch.pdf\">Flyer Ozeanien-Dialog<br \/>\n<\/a><\/p>\n<p><strong>Kontakt:<\/strong><\/p>\n<p>info@ozeanien-dialog.de<\/p>\n<p><strong>Jan Pingel<\/strong><br \/>\n<strong>Koordinator<\/strong><br \/>\njan.pingel@ozeanien-dialog.de<br \/>\nTel. +49 (0)40 254 56-122<\/p>\n<p><strong>Nicole Skrzipczyk<\/strong><br \/>\n<strong>Projektassistenz<\/strong><br \/>\nNicole.Skrzipczyk@ozeanien-dialog.de<br \/>\nTel. +49 (0)40 254 56 -123<\/p>\n<p>Bild Klimagerechtigkeit (Slide) auf der Home-Seite:<\/p>\n<p>Matamanoa Island<br \/>\nUrheber\/in: <a href=\"https:\/\/www.flickr.com\/photos\/markolfzimmer\/14077268140\" target=\"_blank\" rel=\"noopener\">Markolf Zimmer<\/a>. <a class=\"ph-license-link-image\" href=\"https:\/\/creativecommons.org\/licenses\/by-nc-nd\/2.0\/deed.de\" target=\"_blank\" rel=\"license noopener\"><img decoding=\"async\" class=\"ph-license-img\" src=\"https:\/\/i.creativecommons.org\/l\/by-nc-nd\/2.0\/80x15.png\" alt=\"Creative Commons License Logo\" \/><\/a>Dieses Bild steht unter einer <a class=\"ph-license-link-text\" href=\"http:\/\/creativecommons.org\/licenses\/by-nc-nd\/2.0\/deed.de\" target=\"_blank\" rel=\"license noopener\">Creative Commons Lizenz<\/a>.<\/p>\n<\/div>\n<\/div><\/div><\/div><\/div><\/div>","protected":false},"excerpt":{"rendered":"<p>Der Ozeanien-Dialog ist ein Zusammenschluss der Evangelischen Mission Weltweit (EMW), \u00a0Brot f\u00fcr die Welt, Misereor, dem Zentrum f\u00fcr Mission und \u00d6kumene \u2013 Nordkirche weltweit, Missio M\u00fcnchen, dem Missionswerk Leipzig, Mission EineWelt und dem Pazifik Netzwerk. Ziel ist die St\u00e4rkung gesellschaftspolitischer und \u00f6kologischer Stimmen aus dem Pazifik in Deutschland und Europa. \u00a0\u00a0\u00a0\u00a0\u00a0\u00a0\u00a0\u00a0\u00a0\u00a0\u00a0\u00a0 Im Gegensatz zu ihrem &hellip;<\/p>\n","protected":false},"author":1,"featured_media":0,"parent":0,"menu_order":0,"comment_status":"closed","ping_status":"closed","template":"","meta":[],"acf":[],"_links":{"self":[{"href":"https:\/\/www.ozeanien-dialog.de\/index.php?rest_route=\/wp\/v2\/pages\/21"}],"collection":[{"href":"https:\/\/www.ozeanien-dialog.de\/index.php?rest_route=\/wp\/v2\/pages"}],"about":[{"href":"https:\/\/www.ozeanien-dialog.de\/index.php?rest_route=\/wp\/v2\/types\/page"}],"author":[{"embeddable":true,"href":"https:\/\/www.ozeanien-dialog.de\/index.php?rest_route=\/wp\/v2\/users\/1"}],"replies":[{"embeddable":true,"href":"https:\/\/www.ozeanien-dialog.de\/index.php?rest_route=%2Fwp%2Fv2%2Fcomments&post=21"}],"version-history":[{"count":45,"href":"https:\/\/www.ozeanien-dialog.de\/index.php?rest_route=\/wp\/v2\/pages\/21\/revisions"}],"predecessor-version":[{"id":3844,"href":"https:\/\/www.ozeanien-dialog.de\/index.php?rest_route=\/wp\/v2\/pages\/21\/revisions\/3844"}],"wp:attachment":[{"href":"https:\/\/www.ozeanien-dialog.de\/index.php?rest_route=%2Fwp%2Fv2%2Fmedia&parent=21"}],"curies":[{"name":"wp","href":"https:\/\/api.w.org\/{rel}","templated":true}]}}