{"id":1820,"date":"2018-02-21T08:54:19","date_gmt":"2018-02-21T07:54:19","guid":{"rendered":"http:\/\/ozeanien-dialog.de?page_id=1820"},"modified":"2020-07-28T11:24:58","modified_gmt":"2020-07-28T09:24:58","slug":"home","status":"publish","type":"page","link":"https:\/\/www.ozeanien-dialog.de\/?page_id=1820&lang=en","title":{"rendered":"Home"},"content":{"rendered":"<div id=\"pl-1820\"  class=\"panel-layout\" ><div id=\"pg-1820-0\"  class=\"panel-grid panel-has-style\" ><div class=\"jumbotron-overlap panel-row-style panel-row-style-for-1820-0\" ><div id=\"pgc-1820-0-0\"  class=\"panel-grid-cell\" ><div id=\"panel-1820-0-0-0\" class=\"so-panel widget widget_sow-editor panel-first-child panel-last-child\" data-index=\"0\" ><div\n\t\t\t\n\t\t\tclass=\"so-widget-sow-editor so-widget-sow-editor-base\"\n\t\t\t\n\t\t>\n<div class=\"siteorigin-widget-tinymce textwidget\">\n\t<p><img decoding=\"async\" loading=\"lazy\" class=\"alignright wp-image-3111 size-full\" src=\"https:\/\/www.ozeanien-dialog.de\/wp-content\/uploads\/2016\/05\/resource-justice.jpg\" alt=\"\" width=\"400\" height=\"200\" srcset=\"https:\/\/www.ozeanien-dialog.de\/wp-content\/uploads\/2016\/05\/resource-justice.jpg 400w, https:\/\/www.ozeanien-dialog.de\/wp-content\/uploads\/2016\/05\/resource-justice-300x150.jpg 300w\" sizes=\"(max-width: 400px) 100vw, 400px\" \/><\/p>\n<h4 class=\"page-box__title\"><a href=\"https:\/\/www.ozeanien-dialog.de\/?cat=49&amp;lang=en\">Seabed Mining<\/a><\/h4>\n<p>The South Pacific Ocean is Currently the World\u2019s Laboratory for the Experiment of Seabed Mining<\/p>\n<h4 class=\"page-box__title\">\u00a0<\/h4>\n<p class=\"page-box__title\">\u00a0<\/p><\/div>\n<\/div><\/div><\/div><div id=\"pgc-1820-0-1\"  class=\"panel-grid-cell\" ><div id=\"panel-1820-0-1-0\" class=\"so-panel widget widget_sow-editor panel-first-child panel-last-child\" data-index=\"1\" ><div\n\t\t\t\n\t\t\tclass=\"so-widget-sow-editor so-widget-sow-editor-base\"\n\t\t\t\n\t\t>\n<div class=\"siteorigin-widget-tinymce textwidget\">\n\t<p><img decoding=\"async\" loading=\"lazy\" class=\"alignright wp-image-3113 size-full\" src=\"https:\/\/www.ozeanien-dialog.de\/wp-content\/uploads\/2016\/05\/climate-justice.jpg\" alt=\"\" width=\"400\" height=\"200\" srcset=\"https:\/\/www.ozeanien-dialog.de\/wp-content\/uploads\/2016\/05\/climate-justice.jpg 400w, https:\/\/www.ozeanien-dialog.de\/wp-content\/uploads\/2016\/05\/climate-justice-300x150.jpg 300w\" sizes=\"(max-width: 400px) 100vw, 400px\" \/><\/p>\n<h4 class=\"page-box__title\"><a href=\"https:\/\/www.ozeanien-dialog.de\/?cat=48&amp;lang=en\">CLIMATE JUSTICE<\/a><\/h4>\n<p>The Pacific Islands as a group may be the planet\u2019s most vulnerable nations to the effects of climate change<\/p><\/div>\n<\/div><\/div><\/div><div id=\"pgc-1820-0-2\"  class=\"panel-grid-cell\" ><div id=\"panel-1820-0-2-0\" class=\"widget_text so-panel widget widget_custom_html panel-first-child panel-last-child\" data-index=\"2\" ><div class=\"textwidget custom-html-widget\"><a class=\"twitter-timeline\" data-width=\"340\" data-height=\"375\" data-theme=\"light\" data-link-color=\"#1f6ca4\" href=\"https:\/\/twitter.com\/OzeanienDialog\">Tweets by OzeanienDialog<\/a> <script async src=\"\/\/platform.twitter.com\/widgets.js\" charset=\"utf-8\"><\/script><\/div><\/div><\/div><\/div><\/div><div id=\"pg-1820-1\"  class=\"panel-grid panel-no-style\" ><div id=\"pgc-1820-1-0\"  class=\"panel-grid-cell\" ><div id=\"panel-1820-1-0-0\" class=\"so-panel widget widget_sow-editor panel-first-child panel-last-child\" data-index=\"3\" ><div\n\t\t\t\n\t\t\tclass=\"so-widget-sow-editor so-widget-sow-editor-base\"\n\t\t\t\n\t\t>\n<div class=\"siteorigin-widget-tinymce textwidget\">\n\t<p><a class=\"btn  btn-primary  js-funky-box  btn-funky  is-btn-title\" href=\"\/?page_id=2174\" target=\"_self\"> Blue Pacific<\/a><br \/>\n&nbsp;<\/p>\n<div id=\"map--nolist\">\t\t<div id=\"maps-marker-pro-987f5d14\" class=\"maps-marker-pro mmp-list-below\" style=\"width: 100%;\">\r\n\t\t\t<div id=\"mmp-map-wrap-987f5d14\" class=\"mmp-map-wrap\">\r\n\t\t\t\t\t\t\t\t\t<div id=\"mmp-panel-987f5d14\" class=\"mmp-panel\"><\/div>\r\n\t\t\t\t\t\t\t\t<div id=\"mmp-map-987f5d14\" class=\"mmp-map\" style=\"height: 480px;\"><\/div>\r\n\t\t\t\t\t\t\t<\/div>\r\n\t\t\t\t\t\t\t<div id=\"mmp-list-987f5d14\" class=\"mmp-list\" style=\"flex-basis: 400px;\"><\/div>\r\n\t\t\t\t\t<\/div>\r\n\t\t<\/div>\n<\/div>\n<\/div><\/div><\/div><\/div><div id=\"pg-1820-2\"  class=\"panel-grid panel-no-style\" ><div id=\"pgc-1820-2-0\"  class=\"panel-grid-cell\" ><div id=\"panel-1820-2-0-0\" class=\"so-panel widget widget_sow-editor panel-first-child panel-last-child\" data-index=\"4\" ><div\n\t\t\t\n\t\t\tclass=\"so-widget-sow-editor so-widget-sow-editor-base\"\n\t\t\t\n\t\t>\n<div class=\"siteorigin-widget-tinymce textwidget\">\n\t<a class=\"btn  btn-dark  js-funky-box  btn-funky  is-btn-title\" href=\"#\" target=\"_self\"> News<\/a>\n<\/div>\n<\/div><\/div><\/div><\/div><div id=\"pg-1820-3\"  class=\"panel-grid panel-no-style\" ><div id=\"pgc-1820-3-0\"  class=\"panel-grid-cell\" ><div id=\"panel-1820-3-0-0\" class=\"so-panel widget widget_pw_latest_news widget-latest-news panel-first-child panel-last-child\" data-index=\"5\" >\n\t\t\t\t\t\t<div class=\"card  latest-news  latest-news--featured\" style=\"background-image: url(https:\/\/www.ozeanien-dialog.de\/wp-content\/uploads\/2026\/04\/PBL2022-360x204.webp);\">\n\t\t\t\t\n\t\t\t\t<div class=\"card-block  latest-news__content\">\n\t\t\t\t\t\t\t\t\t\t\t<time class=\"latest-news__date\" datetime=\"2026-04-02T08:53:00+02:00\">2. April 2026<\/time>\n\t\t\t\t\t\t\t\t\t\t<h4 class=\"card-title  latest-news__title\"><a href=\"https:\/\/www.ozeanien-dialog.de\/?p=4127\">Tiefseebergbau im Pazifik<\/a><\/h4>\n\n\t\t\t\t\t\t\t\t\t\t<p class=\"latest-news__excerpt\">\n\t\t\t\t\t\tBedrohung f\u00fcr die Menschenrechte heutiger und k\u00fcnftiger Generationen In der internationalen Debatte erscheint Tiefseebergbau h\u00e4ufig als nahezu unvermeidlich: Metalle f\u00fcr&hellip;\t\t\t\t\t<\/p>\n\t\t\t\t\t\n\t\t\t\t\t\t\t\t\t\t\t<a href=\"https:\/\/www.ozeanien-dialog.de\/?p=4127\" class=\"latest-news__read-more\">\n\t\t\t\t\t\t\tMehr\t\t\t\t\t\t<\/a>\n\t\t\t\t\t\n\t\t\t\t<\/div>\n\t\t\t<\/div>\n\t\t\n\t\n<\/div><\/div><div id=\"pgc-1820-3-1\"  class=\"panel-grid-cell\" ><div id=\"panel-1820-3-1-0\" class=\"so-panel widget widget_pw_latest_news widget-latest-news panel-first-child panel-last-child\" data-index=\"6\" >\n\t\t\t\t\t\t<div class=\"card  latest-news  latest-news--block\" style=\"\">\n\t\t\t\t\t\t\t\t\t<a href=\"https:\/\/www.ozeanien-dialog.de\/?p=4109\" class=\"latest-news__image\">\n\t\t\t\t\t\t<img src=\"https:\/\/www.ozeanien-dialog.de\/wp-content\/uploads\/2024\/05\/Bildschirmfoto-2024-05-22-um-07.30.42-360x204.png\" width=\"360\" height=\"204\" srcset=\"https:\/\/www.ozeanien-dialog.de\/wp-content\/uploads\/2024\/05\/Bildschirmfoto-2024-05-22-um-07.30.42-360x204.png 360w, https:\/\/www.ozeanien-dialog.de\/wp-content\/uploads\/2024\/05\/Bildschirmfoto-2024-05-22-um-07.30.42.png 1246w\" sizes=\"(min-width: 1200px) 254px, (min-width: 992px) 204px, (min-width: 768px) 690px, calc(100vw - 30px)\" class=\"card-img-top  wp-post-image\" alt=\"Klimafinanzierung f\u00fcr den Pazifik - Zugang f\u00fcr \u00b4frontline communities\u00b4st\u00e4rken!\">\n\t\t\t\t\t<\/a>\n\t\t\t\t\n\t\t\t\t<div class=\"card-block  latest-news__content\">\n\t\t\t\t\t\t\t\t\t\t\t<time class=\"latest-news__date\" datetime=\"2024-05-27T13:13:05+02:00\">27. Mai 2024<\/time>\n\t\t\t\t\t\t\t\t\t\t<h4 class=\"card-title  latest-news__title\"><a href=\"https:\/\/www.ozeanien-dialog.de\/?p=4109\">Klimafinanzierung f\u00fcr den Pazifik - Zugang f\u00fcr \u00b4frontline communities\u00b4st\u00e4rken!<\/a><\/h4>\n\n\t\t\t\t\t\n\t\t\t\t\t\t\t\t\t\t\t<a href=\"https:\/\/www.ozeanien-dialog.de\/?p=4109\" class=\"latest-news__read-more\">\n\t\t\t\t\t\t\tMehr\t\t\t\t\t\t<\/a>\n\t\t\t\t\t\n\t\t\t\t<\/div>\n\t\t\t<\/div>\n\t\t\n\t\n<\/div><\/div><div id=\"pgc-1820-3-2\"  class=\"panel-grid-cell\" ><div id=\"panel-1820-3-2-0\" class=\"so-panel widget widget_pw_latest_news widget-latest-news panel-first-child panel-last-child\" data-index=\"7\" >\n\t\t\t\t\t\t<div class=\"card  latest-news  latest-news--block\" style=\"\">\n\t\t\t\t\t\t\t\t\t<a href=\"https:\/\/www.ozeanien-dialog.de\/?p=4102\" class=\"latest-news__image\">\n\t\t\t\t\t\t<img src=\"https:\/\/www.ozeanien-dialog.de\/wp-content\/uploads\/2024\/01\/Bildschirmfoto-2024-01-25-um-14.23.09-360x204.png\" width=\"360\" height=\"204\" srcset=\"https:\/\/www.ozeanien-dialog.de\/wp-content\/uploads\/2024\/01\/Bildschirmfoto-2024-01-25-um-14.23.09-360x204.png 360w, https:\/\/www.ozeanien-dialog.de\/wp-content\/uploads\/2024\/01\/Bildschirmfoto-2024-01-25-um-14.23.09.png 798w\" sizes=\"(min-width: 1200px) 254px, (min-width: 992px) 204px, (min-width: 768px) 690px, calc(100vw - 30px)\" class=\"card-img-top  wp-post-image\" alt=\"Widerstand gegen Tiefseebergbau in Ozeanien - Blue Tabu 2023\">\n\t\t\t\t\t<\/a>\n\t\t\t\t\n\t\t\t\t<div class=\"card-block  latest-news__content\">\n\t\t\t\t\t\t\t\t\t\t\t<time class=\"latest-news__date\" datetime=\"2024-01-25T14:26:24+01:00\">25. Januar 2024<\/time>\n\t\t\t\t\t\t\t\t\t\t<h4 class=\"card-title  latest-news__title\"><a href=\"https:\/\/www.ozeanien-dialog.de\/?p=4102\">Widerstand gegen Tiefseebergbau in Ozeanien - Blue Tabu 2023<\/a><\/h4>\n\n\t\t\t\t\t\n\t\t\t\t\t\t\t\t\t\t\t<a href=\"https:\/\/www.ozeanien-dialog.de\/?p=4102\" class=\"latest-news__read-more\">\n\t\t\t\t\t\t\tMehr\t\t\t\t\t\t<\/a>\n\t\t\t\t\t\n\t\t\t\t<\/div>\n\t\t\t<\/div>\n\t\t\n\t\n<\/div><\/div><\/div><div id=\"pg-1820-4\"  class=\"panel-grid panel-no-style\" ><div id=\"pgc-1820-4-0\"  class=\"panel-grid-cell panel-grid-cell-empty\" ><\/div><\/div><div id=\"pg-1820-5\"  class=\"panel-grid panel-has-style\" ><div class=\"siteorigin-panels-stretch panel-row-style panel-row-style-for-1820-5\" data-stretch-type=\"full\" ><div id=\"pgc-1820-5-0\"  class=\"panel-grid-cell\" ><div id=\"panel-1820-5-0-0\" class=\"so-panel widget widget_pw_call_to_action widget-call-to-action panel-first-child panel-last-child\" data-index=\"8\" >\t\t\t\t<div class=\"call-to-action\">\n\t\t\t\t\t<div class=\"call-to-action__text\">\n\t\t\t\t\t\t<h4 class=\"call-to-action__title\">\n\t\t\t\t\t\t\tYOU ARE INVITED\t\t\t\t\t\t<\/h4>\n\t\t\t\t\t\t\t\t\t\t\t\t<p class=\"call-to-action__subtitle\">\n\t\t\t\t\t\t\tTalks and Workshops on our key topics Climate Justice, Resource Justice and Human Rights in Oceania\t\t\t\t\t\t<\/p>\n\t\t\t\t\t\t\t\t\t\t\t<\/div>\n\t\t\t\t\t<div class=\"call-to-action__button\">\n\t\t\t\t\t\t<a class=\"btn  btn-primary\" href=\"\/?page_id=267&#038;lang=en\" target=\"_self\"> EVENTS<\/a>\t\t\t\t\t<\/div>\n\t\t\t\t<\/div>\n\t\t\t<\/div><\/div><\/div><\/div><div id=\"pg-1820-6\"  class=\"panel-grid panel-has-style\" ><div class=\"siteorigin-panels-stretch panel-row-style panel-row-style-for-1820-6\" data-stretch-type=\"full-stretched\" ><div id=\"pgc-1820-6-0\"  class=\"panel-grid-cell\" ><div id=\"panel-1820-6-0-0\" class=\"so-panel widget widget_pw_instagram widget-instagram panel-first-child panel-last-child\" data-index=\"9\" ><div class=\"panel-widget-style panel-widget-style-for-1820-6-0-0\" >\n\t\t\t<div class=\"pw-instagram  js-pw-instagram\" data-access-token=\"5954779094.4a5cece.df649400a0f94397b12ca9800c0dfb76\" data-num-images=\"8\" data-has-cta=\"1\">\n\t\t\t\t\t\t\t\t<a class=\"pw-instagram__item  pw-instagram__item--cta js-pw-instagram-cta\" href=\"https:\/\/www.instagram.com\/ozeanien_dialog\/\" target=\"_blank\" style=\"display:none;\">\n\t\t\t\t\t<h4 class=\"pw-instagram__title\">Oceania-Dialog<\/h4>\n\t\t\t\t\t<p class=\"pw-instagram__text\">Follow us on Instagram<\/p>\n\t\t\t\t\t<i class=\"fa  fa-instagram\"><\/i>\n\t\t\t\t<\/a>\n\t\t\t\t\t\t\t<\/div>\n\n\t\t\t<\/div><\/div><\/div><\/div><\/div><div id=\"pg-1820-7\"  class=\"panel-grid panel-no-style\" ><div id=\"pgc-1820-7-0\"  class=\"panel-grid-cell\" ><div id=\"panel-1820-7-0-0\" class=\"so-panel widget panel-first-child panel-last-child\" data-index=\"10\" ><\/div><\/div><\/div><div id=\"pg-1820-8\"  class=\"panel-grid panel-has-style\" ><div class=\"siteorigin-panels-stretch panel-row-style panel-row-style-for-1820-8\" data-stretch-type=\"full\" ><div id=\"pgc-1820-8-0\"  class=\"panel-grid-cell\" ><div id=\"panel-1820-8-0-0\" class=\"so-panel widget widget_sow-editor panel-first-child panel-last-child\" data-index=\"11\" ><div\n\t\t\t\n\t\t\tclass=\"so-widget-sow-editor so-widget-sow-editor-base\"\n\t\t\t\n\t\t>\n<div class=\"siteorigin-widget-tinymce textwidget\">\n\t<a class=\"btn  btn-primary  js-funky-box  btn-funky  is-btn-title\" href=\"\/?page_id=21\" target=\"_self\"> ABOUT US<\/a>\n<h2>\u00a0<\/h2>\n<h4><i>The Ozeanien-Dialog strengthens Pacific voices in Europe and works together with Communities, NGOs and churches in Oceania for<\/i><\/h4>\n<\/div>\n<\/div><\/div><\/div><\/div><\/div><div id=\"pg-1820-9\"  class=\"panel-grid panel-has-style\" ><div class=\"siteorigin-panels-stretch panel-row-style panel-row-style-for-1820-9\" data-stretch-type=\"full\" ><div id=\"pgc-1820-9-0\"  class=\"panel-grid-cell\" ><div id=\"panel-1820-9-0-0\" class=\"so-panel widget widget_sow-editor panel-first-child panel-last-child\" data-index=\"12\" ><div\n\t\t\t\n\t\t\tclass=\"so-widget-sow-editor so-widget-sow-editor-base\"\n\t\t\t\n\t\t>\n<div class=\"siteorigin-widget-tinymce textwidget\">\n\t<p><img decoding=\"async\" loading=\"lazy\" class=\"wp-image-3178 alignnone\" src=\"https:\/\/www.ozeanien-dialog.de\/wp-content\/uploads\/2020\/03\/resource-justice-icon.png\" alt=\"\" width=\"219\" height=\"148\" srcset=\"https:\/\/www.ozeanien-dialog.de\/wp-content\/uploads\/2020\/03\/resource-justice-icon.png 555w, https:\/\/www.ozeanien-dialog.de\/wp-content\/uploads\/2020\/03\/resource-justice-icon-300x202.png 300w, https:\/\/www.ozeanien-dialog.de\/wp-content\/uploads\/2020\/03\/resource-justice-icon-540x364.png 540w, https:\/\/www.ozeanien-dialog.de\/wp-content\/uploads\/2020\/03\/resource-justice-icon-272x182.png 272w\" sizes=\"(max-width: 219px) 100vw, 219px\" \/>\u00a0\u00a0 \u00a0\u00a0<img decoding=\"async\" loading=\"lazy\" class=\"wp-image-3200 alignnone\" src=\"https:\/\/www.ozeanien-dialog.de\/wp-content\/uploads\/2016\/05\/climate-justice.png\" alt=\"\" width=\"217\" height=\"153\" srcset=\"https:\/\/www.ozeanien-dialog.de\/wp-content\/uploads\/2016\/05\/climate-justice.png 529w, https:\/\/www.ozeanien-dialog.de\/wp-content\/uploads\/2016\/05\/climate-justice-300x212.png 300w, https:\/\/www.ozeanien-dialog.de\/wp-content\/uploads\/2016\/05\/climate-justice-100x70.png 100w\" sizes=\"(max-width: 217px) 100vw, 217px\" \/>\u00a0\u00a0 \u00a0\u00a0<img decoding=\"async\" loading=\"lazy\" class=\"wp-image-3202 alignnone\" src=\"https:\/\/www.ozeanien-dialog.de\/wp-content\/uploads\/2016\/05\/human-rights-icon.png\" alt=\"\" width=\"222\" height=\"163\" srcset=\"https:\/\/www.ozeanien-dialog.de\/wp-content\/uploads\/2016\/05\/human-rights-icon.png 511w, https:\/\/www.ozeanien-dialog.de\/wp-content\/uploads\/2016\/05\/human-rights-icon-300x220.png 300w\" sizes=\"(max-width: 222px) 100vw, 222px\" \/><\/p>\n<hr class=\"hr--dotted\" \/>\n<h6 style=\"font-size: 15px;\"><a href=\"https:\/\/www.ozeanien-dialog.de\/?page_id=1815&amp;lang=en\">FIND OUT MORE ABOUT US<\/a><\/h6>\n<h6 style=\"font-size: 15px;\"><a href=\"https:\/\/www.ozeanien-dialog.de\/?page_id=1871&amp;lang=en\">CONTACT<\/a><\/h6>\n<\/div>\n<\/div><\/div><\/div><div id=\"pgc-1820-9-1\"  class=\"panel-grid-cell\" ><div id=\"panel-1820-9-1-0\" class=\"so-panel widget widget_sow-editor panel-first-child panel-last-child\" data-index=\"13\" ><div\n\t\t\t\n\t\t\tclass=\"so-widget-sow-editor so-widget-sow-editor-base\"\n\t\t\t\n\t\t>\n<div class=\"siteorigin-widget-tinymce textwidget\">\n\t<\/div>\n<\/div><\/div><\/div><\/div><\/div><\/div>","protected":false},"excerpt":{"rendered":"<p>Seabed Mining The South Pacific Ocean is Currently the World\u2019s Laboratory for the Experiment of Seabed Mining \u00a0 \u00a0 CLIMATE JUSTICE The Pacific Islands as a group may be the planet\u2019s most vulnerable nations to the effects of climate change &nbsp;<\/p>\n","protected":false},"author":1,"featured_media":0,"parent":0,"menu_order":0,"comment_status":"closed","ping_status":"closed","template":"template-front-page-slider.php","meta":[],"acf":[],"_links":{"self":[{"href":"https:\/\/www.ozeanien-dialog.de\/index.php?rest_route=\/wp\/v2\/pages\/1820"}],"collection":[{"href":"https:\/\/www.ozeanien-dialog.de\/index.php?rest_route=\/wp\/v2\/pages"}],"about":[{"href":"https:\/\/www.ozeanien-dialog.de\/index.php?rest_route=\/wp\/v2\/types\/page"}],"author":[{"embeddable":true,"href":"https:\/\/www.ozeanien-dialog.de\/index.php?rest_route=\/wp\/v2\/users\/1"}],"replies":[{"embeddable":true,"href":"https:\/\/www.ozeanien-dialog.de\/index.php?rest_route=%2Fwp%2Fv2%2Fcomments&post=1820"}],"version-history":[{"count":88,"href":"https:\/\/www.ozeanien-dialog.de\/index.php?rest_route=\/wp\/v2\/pages\/1820\/revisions"}],"predecessor-version":[{"id":3313,"href":"https:\/\/www.ozeanien-dialog.de\/index.php?rest_route=\/wp\/v2\/pages\/1820\/revisions\/3313"}],"wp:attachment":[{"href":"https:\/\/www.ozeanien-dialog.de\/index.php?rest_route=%2Fwp%2Fv2%2Fmedia&parent=1820"}],"curies":[{"name":"wp","href":"https:\/\/api.w.org\/{rel}","templated":true}]}}